{"id":505,"date":"2019-05-20T16:53:02","date_gmt":"2019-05-20T14:53:02","guid":{"rendered":"https:\/\/heleneantonetti.fr\/?page_id=505"},"modified":"2025-09-22T18:53:19","modified_gmt":"2025-09-22T16:53:19","slug":"presentation","status":"publish","type":"page","link":"https:\/\/heleneantonetti.fr\/?page_id=505","title":{"rendered":"Pr\u00e9sentation"},"content":{"rendered":"\t\t<div data-elementor-type=\"wp-post\" data-elementor-id=\"505\" class=\"elementor elementor-505\">\n\t\t\t\t\t\t<section class=\"elementor-section elementor-top-section elementor-element elementor-element-487bfdd7 elementor-section-boxed elementor-section-height-default elementor-section-height-default\" data-id=\"487bfdd7\" data-element_type=\"section\">\n\t\t\t\t\t\t<div class=\"elementor-container elementor-column-gap-default\">\n\t\t\t\t\t<div class=\"elementor-column elementor-col-100 elementor-top-column elementor-element elementor-element-5c7e55fc\" data-id=\"5c7e55fc\" data-element_type=\"column\">\n\t\t\t<div class=\"elementor-widget-wrap elementor-element-populated\">\n\t\t\t\t\t\t<div class=\"elementor-element elementor-element-24f54a0f elementor-widget-divider--view-line elementor-widget elementor-widget-divider\" data-id=\"24f54a0f\" data-element_type=\"widget\" data-widget_type=\"divider.default\">\n\t\t\t\t<div class=\"elementor-widget-container\">\n\t\t\t\t\t\t\t<div class=\"elementor-divider\">\n\t\t\t<span class=\"elementor-divider-separator\">\n\t\t\t\t\t\t<\/span>\n\t\t<\/div>\n\t\t\t\t\t\t<\/div>\n\t\t\t\t<\/div>\n\t\t\t\t<div class=\"elementor-element elementor-element-717c9bac elementor-widget elementor-widget-heading\" data-id=\"717c9bac\" data-element_type=\"widget\" data-widget_type=\"heading.default\">\n\t\t\t\t<div class=\"elementor-widget-container\">\n\t\t\t\t\t<h1 class=\"elementor-heading-title elementor-size-xl\">Pr\u00e9sentation<\/h1>\t\t\t\t<\/div>\n\t\t\t\t<\/div>\n\t\t\t\t<div class=\"elementor-element elementor-element-74e0cfd elementor-widget-divider--view-line elementor-widget elementor-widget-divider\" data-id=\"74e0cfd\" data-element_type=\"widget\" data-widget_type=\"divider.default\">\n\t\t\t\t<div class=\"elementor-widget-container\">\n\t\t\t\t\t\t\t<div class=\"elementor-divider\">\n\t\t\t<span class=\"elementor-divider-separator\">\n\t\t\t\t\t\t<\/span>\n\t\t<\/div>\n\t\t\t\t\t\t<\/div>\n\t\t\t\t<\/div>\n\t\t\t\t<div class=\"elementor-element elementor-element-1417e445 elementor-widget elementor-widget-image-gallery\" data-id=\"1417e445\" data-element_type=\"widget\" data-widget_type=\"image-gallery.default\">\n\t\t\t\t<div class=\"elementor-widget-container\">\n\t\t\t\t\t\t\t<div class=\"elementor-image-gallery\">\n\t\t\t<div id=\"kad-wp-gallery57\" class=\"kad-wp-gallery kad-light-wp-gallery clearfix kt-gallery-column-1 rowtight\"><div class=\"tcol-lg-12 tcol-md-12 tcol-sm-12 tcol-xs-12 tcol-ss-12 g_item\"><div class=\"grid_item kad_gallery_fade_in gallery_item\"><a href=\"https:\/\/heleneantonetti.fr\/wp-content\/uploads\/2025\/04\/Jaime-venir-a-votre-rencontre-pour-conter-votre-histoire-en-image-.png\" data-rel=\"lightbox\" class=\"lightboxhover\"><img fetchpriority=\"high\" decoding=\"async\" src=\"https:\/\/heleneantonetti.fr\/wp-content\/uploads\/2025\/04\/Jaime-venir-a-votre-rencontre-pour-conter-votre-histoire-en-image--1200x1200.png\" width=\"1200\" height=\"1200\" alt=\"\" srcset=\"https:\/\/heleneantonetti.fr\/wp-content\/uploads\/2025\/04\/Jaime-venir-a-votre-rencontre-pour-conter-votre-histoire-en-image--1200x1200.png 1200w, https:\/\/heleneantonetti.fr\/wp-content\/uploads\/2025\/04\/Jaime-venir-a-votre-rencontre-pour-conter-votre-histoire-en-image--300x300.png 300w, https:\/\/heleneantonetti.fr\/wp-content\/uploads\/2025\/04\/Jaime-venir-a-votre-rencontre-pour-conter-votre-histoire-en-image--1024x1024.png 1024w, https:\/\/heleneantonetti.fr\/wp-content\/uploads\/2025\/04\/Jaime-venir-a-votre-rencontre-pour-conter-votre-histoire-en-image--150x150.png 150w, https:\/\/heleneantonetti.fr\/wp-content\/uploads\/2025\/04\/Jaime-venir-a-votre-rencontre-pour-conter-votre-histoire-en-image--768x768.png 768w, https:\/\/heleneantonetti.fr\/wp-content\/uploads\/2025\/04\/Jaime-venir-a-votre-rencontre-pour-conter-votre-histoire-en-image--1536x1536.png 1536w, https:\/\/heleneantonetti.fr\/wp-content\/uploads\/2025\/04\/Jaime-venir-a-votre-rencontre-pour-conter-votre-histoire-en-image--2048x2048.png 2048w, https:\/\/heleneantonetti.fr\/wp-content\/uploads\/2025\/04\/Jaime-venir-a-votre-rencontre-pour-conter-votre-histoire-en-image-.png 2100w\" sizes=\"(max-width: 1200px) 100vw, 1200px\" class=\"light-dropshaddow\"\/><\/a><\/div><\/div><\/div>\t\t<\/div>\n\t\t\t\t\t\t<\/div>\n\t\t\t\t<\/div>\n\t\t\t\t\t<\/div>\n\t\t<\/div>\n\t\t\t\t\t<\/div>\n\t\t<\/section>\n\t\t\t\t<section class=\"elementor-section elementor-top-section elementor-element elementor-element-749130dd elementor-section-boxed elementor-section-height-default elementor-section-height-default\" data-id=\"749130dd\" data-element_type=\"section\">\n\t\t\t\t\t\t<div class=\"elementor-container elementor-column-gap-default\">\n\t\t\t\t\t<div class=\"elementor-column elementor-col-100 elementor-top-column elementor-element elementor-element-668e0477\" data-id=\"668e0477\" data-element_type=\"column\">\n\t\t\t<div class=\"elementor-widget-wrap elementor-element-populated\">\n\t\t\t\t\t\t<div class=\"elementor-element elementor-element-22ae52de elementor-widget elementor-widget-text-editor\" data-id=\"22ae52de\" data-element_type=\"widget\" data-widget_type=\"text-editor.default\">\n\t\t\t\t<div class=\"elementor-widget-container\">\n\t\t\t\t\t\t\t\t\t<div>\u00a0<\/div><div>Vous \u00eates nombreux \u00e0 appr\u00e9cier lire et mieux comprendre mes intentions.\u00a0<br \/>Qu&rsquo;est-ce qui m&rsquo;anime, m&rsquo;inspire et me fait vibrer ?\u00a0<br \/>Quels sont ces \u00e9l\u00e9ments invisibles au premier abord, qui se ressentent lorsque l&rsquo;on vit un shooting et que l&rsquo;on regarde ensemble le r\u00e9sultat ?<\/div><div><p>Tr\u00e8s spontan\u00e9ment, je commencerais par dire que j&rsquo;aime les gens, l&rsquo;humain et toutes les \u00e9motions qu&rsquo;il y a en lui.\u00a0<br \/>Peut-\u00eatre un peu id\u00e9aliste ? Oui ! Et profond\u00e9ment convaincue que nous avons tous quelque chose \u00e0 exprimer.\u00a0<br \/>Le voil\u00e0 le point de d\u00e9part !\u00a0<br \/>Vous r\u00e9v\u00e9ler en image avec votre langage corporel et \u00e9motionnel tel un film muet. En photo il n&rsquo;y a pas de bande son, pas de parole et pourtant nous comprenons tout en un seul regard. C&rsquo;est la magie du photographe, ma mission du quotidien.\u00a0<br \/>Chaque \u00ab\u00a0clic\u00a0\u00bb raconte une histoire et se fige dans le temps.<\/p><\/div><p>Photographe pro depuis plus de 12 ans, je ne compte plus le nombre d&rsquo;histoires professionelles et familiales que j&rsquo;ai v\u00e9cu. Parfois je m&rsquo;amuse \u00e0 prendre un peu de hauteur pour revivre tous ces instants chaleureux<span style=\"background-color: transparent;\">. Tous ces souvenirs sur papier glac\u00e9 prennent de la valeur, nous rappelle que la vie avance.<\/span><\/p><p>Votre parcours de vie, votre travail, l&rsquo;environnement dans lequel vous \u00e9voluez me passionnent. D\u00e8s qu&rsquo;il y a de la vie, Je \u00ab\u00a0clic\u00a0\u00bb!\u00a0<\/p><p>Je suis un m\u00e9lange entre le cam\u00e9l\u00e9on et la petite souris. Me fondre le plus discr\u00e8tement possible dans n&rsquo;importe quel endroit pour vous mettre \u00e0 l&rsquo;aise et vous r\u00e9v\u00e9ler en couleurs. Je suis l<span style=\"background-color: transparent;\">e rapporteur de votre univers.\u00a0<\/span><\/p><p><span style=\"background-color: transparent;\">Je m\u00e8ne d&rsquo;ailleurs des projets artistiques en parall\u00e8le. <\/span><em style=\"background-color: transparent;\">Fen\u00eatre sur rue<\/em><span style=\"background-color: transparent;\">, <\/span><em style=\"background-color: transparent;\">G\u00e9n\u00e9ration t\u00e9l\u00e9travail<\/em><span style=\"background-color: transparent;\"> et <\/span><em style=\"background-color: transparent;\">Et si&#8230;<\/em><span style=\"background-color: transparent;\">(en collaboration avec l&rsquo;artiste peintre Clothilde Briand) pour poursuivre ma qu\u00eate de nouvelles rencontres.\u00a0<\/span><\/p><p><span style=\"background-color: transparent;\">R\u00eaver \u00e0 plusieurs, quoi de plus passionnant ?<\/span><\/p><p><span style=\"background-color: transparent;\">Je termine sur un point qui me semble des plus importants si nous travaillons ensemble un jour. Je souhaite faire de votre histoire, une histoire unique!\u00a0<\/span>Il faut oser et faire confiance en votre cr\u00e9ativit\u00e9. Il n&rsquo;y a rien de plus pr\u00e9cieux que votre petite flamme int\u00e9rieure.\u00a0<\/p><p>J&rsquo;entends souvent les phrases \u00ab\u00a0Je ne suis pas photog\u00e9nique!\u00a0\u00bb, \u00ab\u00a0Guidez-nous, on n&rsquo;a pas d&rsquo;id\u00e9es!\u00a0\u00bb, \u00ab\u00a0C&rsquo;est notre premier shooting, on ne sait pas faire!\u00a0\u00bb. Je serai l\u00e0 pour vous guider, pour que vous preniez confiance en vous, tout en restant vous-m\u00eame! Laissez vous bercer par l&rsquo;instant et la spontan\u00e9it\u00e9 de vos \u00e9motions. Ce sont les cl\u00e9s d&rsquo;un shooting r\u00e9ussi!<\/p>\t\t\t\t\t\t\t\t<\/div>\n\t\t\t\t<\/div>\n\t\t\t\t<div class=\"elementor-element elementor-element-9ee128f elementor-widget-divider--view-line elementor-widget elementor-widget-divider\" data-id=\"9ee128f\" data-element_type=\"widget\" data-widget_type=\"divider.default\">\n\t\t\t\t<div class=\"elementor-widget-container\">\n\t\t\t\t\t\t\t<div class=\"elementor-divider\">\n\t\t\t<span class=\"elementor-divider-separator\">\n\t\t\t\t\t\t<\/span>\n\t\t<\/div>\n\t\t\t\t\t\t<\/div>\n\t\t\t\t<\/div>\n\t\t\t\t<div class=\"elementor-element elementor-element-08787e4 elementor-widget elementor-widget-wp-widget-custom_html\" data-id=\"08787e4\" data-element_type=\"widget\" data-widget_type=\"wp-widget-custom_html.default\">\n\t\t\t\t<div class=\"elementor-widget-container\">\n\t\t\t\t\t<div class=\"textwidget custom-html-widget\"><\/div>\t\t\t\t<\/div>\n\t\t\t\t<\/div>\n\t\t\t\t<div class=\"elementor-element elementor-element-f51e0d7 elementor-widget-divider--view-line elementor-widget elementor-widget-divider\" data-id=\"f51e0d7\" data-element_type=\"widget\" data-widget_type=\"divider.default\">\n\t\t\t\t<div class=\"elementor-widget-container\">\n\t\t\t\t\t\t\t<div class=\"elementor-divider\">\n\t\t\t<span class=\"elementor-divider-separator\">\n\t\t\t\t\t\t<\/span>\n\t\t<\/div>\n\t\t\t\t\t\t<\/div>\n\t\t\t\t<\/div>\n\t\t\t\t\t<\/div>\n\t\t<\/div>\n\t\t\t\t\t<\/div>\n\t\t<\/section>\n\t\t\t\t<section class=\"elementor-section elementor-top-section elementor-element elementor-element-ed05997 elementor-section-boxed elementor-section-height-default elementor-section-height-default\" data-id=\"ed05997\" data-element_type=\"section\">\n\t\t\t\t\t\t<div class=\"elementor-container elementor-column-gap-default\">\n\t\t\t\t\t<div class=\"elementor-column elementor-col-100 elementor-top-column elementor-element elementor-element-701f138\" data-id=\"701f138\" data-element_type=\"column\">\n\t\t\t<div class=\"elementor-widget-wrap\">\n\t\t\t\t\t\t\t<\/div>\n\t\t<\/div>\n\t\t\t\t\t<\/div>\n\t\t<\/section>\n\t\t\t\t<\/div>\n\t\t","protected":false},"excerpt":{"rendered":"<p>Pr\u00e9sentation \u00a0Vous \u00eates nombreux \u00e0 appr\u00e9cier lire et mieux comprendre mes intentions.\u00a0Qu&rsquo;est-ce qui m&rsquo;anime, m&rsquo;inspire et me fait vibrer ?\u00a0Quels sont ces \u00e9l\u00e9ments invisibles au premier abord, qui se ressentent lorsque l&rsquo;on vit un shooting et que l&rsquo;on regarde ensemble &hellip; <a href=\"https:\/\/heleneantonetti.fr\/?page_id=505\">Lire la suite\u00ad\u00ad<\/a><\/p>\n","protected":false},"author":1,"featured_media":0,"parent":0,"menu_order":0,"comment_status":"closed","ping_status":"closed","template":"page-fullwidth.php","meta":{"_eb_attr":"","footnotes":""},"class_list":["post-505","page","type-page","status-publish","hentry"],"yoast_head":"<!-- This site is optimized with the Yoast SEO plugin v25.1 - https:\/\/yoast.com\/wordpress\/plugins\/seo\/ -->\n<title>Pr\u00e9sentation -<\/title>\n<meta name=\"robots\" content=\"index, follow, max-snippet:-1, max-image-preview:large, max-video-preview:-1\" \/>\n<link rel=\"canonical\" href=\"https:\/\/heleneantonetti.fr\/?page_id=505\" \/>\n<meta property=\"og:locale\" content=\"fr_FR\" \/>\n<meta property=\"og:type\" content=\"article\" \/>\n<meta property=\"og:title\" content=\"Pr\u00e9sentation -\" \/>\n<meta property=\"og:description\" content=\"Pr\u00e9sentation \u00a0Vous \u00eates nombreux \u00e0 appr\u00e9cier lire et mieux comprendre mes intentions.\u00a0Qu&rsquo;est-ce qui m&rsquo;anime, m&rsquo;inspire et me fait vibrer ?\u00a0Quels sont ces \u00e9l\u00e9ments invisibles au premier abord, qui se ressentent lorsque l&rsquo;on vit un shooting et que l&rsquo;on regarde ensemble &hellip; Lire la suite\u00ad\u00ad\" \/>\n<meta property=\"og:url\" content=\"https:\/\/heleneantonetti.fr\/?page_id=505\" \/>\n<meta property=\"article:modified_time\" content=\"2025-09-22T16:53:19+00:00\" \/>\n<meta property=\"og:image\" content=\"https:\/\/heleneantonetti.fr\/wp-content\/uploads\/2025\/04\/Jaime-venir-a-votre-rencontre-pour-conter-votre-histoire-en-image--1200x1200.png\" \/>\n<meta name=\"twitter:card\" content=\"summary_large_image\" \/>\n<meta name=\"twitter:label1\" content=\"Dur\u00e9e de lecture estim\u00e9e\" \/>\n\t<meta name=\"twitter:data1\" content=\"3 minutes\" \/>\n<script type=\"application\/ld+json\" class=\"yoast-schema-graph\">{\"@context\":\"https:\/\/schema.org\",\"@graph\":[{\"@type\":\"WebPage\",\"@id\":\"https:\/\/heleneantonetti.fr\/?page_id=505\",\"url\":\"https:\/\/heleneantonetti.fr\/?page_id=505\",\"name\":\"Pr\u00e9sentation -\",\"isPartOf\":{\"@id\":\"https:\/\/heleneantonetti.fr\/#website\"},\"primaryImageOfPage\":{\"@id\":\"https:\/\/heleneantonetti.fr\/?page_id=505#primaryimage\"},\"image\":{\"@id\":\"https:\/\/heleneantonetti.fr\/?page_id=505#primaryimage\"},\"thumbnailUrl\":\"https:\/\/heleneantonetti.fr\/wp-content\/uploads\/2025\/04\/Jaime-venir-a-votre-rencontre-pour-conter-votre-histoire-en-image--1200x1200.png\",\"datePublished\":\"2019-05-20T14:53:02+00:00\",\"dateModified\":\"2025-09-22T16:53:19+00:00\",\"breadcrumb\":{\"@id\":\"https:\/\/heleneantonetti.fr\/?page_id=505#breadcrumb\"},\"inLanguage\":\"fr-FR\",\"potentialAction\":[{\"@type\":\"ReadAction\",\"target\":[\"https:\/\/heleneantonetti.fr\/?page_id=505\"]}]},{\"@type\":\"ImageObject\",\"inLanguage\":\"fr-FR\",\"@id\":\"https:\/\/heleneantonetti.fr\/?page_id=505#primaryimage\",\"url\":\"https:\/\/heleneantonetti.fr\/wp-content\/uploads\/2025\/04\/Jaime-venir-a-votre-rencontre-pour-conter-votre-histoire-en-image-.png\",\"contentUrl\":\"https:\/\/heleneantonetti.fr\/wp-content\/uploads\/2025\/04\/Jaime-venir-a-votre-rencontre-pour-conter-votre-histoire-en-image-.png\",\"width\":2100,\"height\":2100},{\"@type\":\"BreadcrumbList\",\"@id\":\"https:\/\/heleneantonetti.fr\/?page_id=505#breadcrumb\",\"itemListElement\":[{\"@type\":\"ListItem\",\"position\":1,\"name\":\"Accueil\",\"item\":\"https:\/\/heleneantonetti.fr\/\"},{\"@type\":\"ListItem\",\"position\":2,\"name\":\"Pr\u00e9sentation\"}]},{\"@type\":\"WebSite\",\"@id\":\"https:\/\/heleneantonetti.fr\/#website\",\"url\":\"https:\/\/heleneantonetti.fr\/\",\"name\":\"\",\"description\":\"Fa\u00eetes-vous plaisir en immortalisant vos instants importants !\",\"potentialAction\":[{\"@type\":\"SearchAction\",\"target\":{\"@type\":\"EntryPoint\",\"urlTemplate\":\"https:\/\/heleneantonetti.fr\/?s={search_term_string}\"},\"query-input\":{\"@type\":\"PropertyValueSpecification\",\"valueRequired\":true,\"valueName\":\"search_term_string\"}}],\"inLanguage\":\"fr-FR\"}]}<\/script>\n<!-- \/ Yoast SEO plugin. -->","yoast_head_json":{"title":"Pr\u00e9sentation -","robots":{"index":"index","follow":"follow","max-snippet":"max-snippet:-1","max-image-preview":"max-image-preview:large","max-video-preview":"max-video-preview:-1"},"canonical":"https:\/\/heleneantonetti.fr\/?page_id=505","og_locale":"fr_FR","og_type":"article","og_title":"Pr\u00e9sentation -","og_description":"Pr\u00e9sentation \u00a0Vous \u00eates nombreux \u00e0 appr\u00e9cier lire et mieux comprendre mes intentions.\u00a0Qu&rsquo;est-ce qui m&rsquo;anime, m&rsquo;inspire et me fait vibrer ?\u00a0Quels sont ces \u00e9l\u00e9ments invisibles au premier abord, qui se ressentent lorsque l&rsquo;on vit un shooting et que l&rsquo;on regarde ensemble &hellip; Lire la suite\u00ad\u00ad","og_url":"https:\/\/heleneantonetti.fr\/?page_id=505","article_modified_time":"2025-09-22T16:53:19+00:00","og_image":[{"url":"https:\/\/heleneantonetti.fr\/wp-content\/uploads\/2025\/04\/Jaime-venir-a-votre-rencontre-pour-conter-votre-histoire-en-image--1200x1200.png","type":"","width":"","height":""}],"twitter_card":"summary_large_image","twitter_misc":{"Dur\u00e9e de lecture estim\u00e9e":"3 minutes"},"schema":{"@context":"https:\/\/schema.org","@graph":[{"@type":"WebPage","@id":"https:\/\/heleneantonetti.fr\/?page_id=505","url":"https:\/\/heleneantonetti.fr\/?page_id=505","name":"Pr\u00e9sentation -","isPartOf":{"@id":"https:\/\/heleneantonetti.fr\/#website"},"primaryImageOfPage":{"@id":"https:\/\/heleneantonetti.fr\/?page_id=505#primaryimage"},"image":{"@id":"https:\/\/heleneantonetti.fr\/?page_id=505#primaryimage"},"thumbnailUrl":"https:\/\/heleneantonetti.fr\/wp-content\/uploads\/2025\/04\/Jaime-venir-a-votre-rencontre-pour-conter-votre-histoire-en-image--1200x1200.png","datePublished":"2019-05-20T14:53:02+00:00","dateModified":"2025-09-22T16:53:19+00:00","breadcrumb":{"@id":"https:\/\/heleneantonetti.fr\/?page_id=505#breadcrumb"},"inLanguage":"fr-FR","potentialAction":[{"@type":"ReadAction","target":["https:\/\/heleneantonetti.fr\/?page_id=505"]}]},{"@type":"ImageObject","inLanguage":"fr-FR","@id":"https:\/\/heleneantonetti.fr\/?page_id=505#primaryimage","url":"https:\/\/heleneantonetti.fr\/wp-content\/uploads\/2025\/04\/Jaime-venir-a-votre-rencontre-pour-conter-votre-histoire-en-image-.png","contentUrl":"https:\/\/heleneantonetti.fr\/wp-content\/uploads\/2025\/04\/Jaime-venir-a-votre-rencontre-pour-conter-votre-histoire-en-image-.png","width":2100,"height":2100},{"@type":"BreadcrumbList","@id":"https:\/\/heleneantonetti.fr\/?page_id=505#breadcrumb","itemListElement":[{"@type":"ListItem","position":1,"name":"Accueil","item":"https:\/\/heleneantonetti.fr\/"},{"@type":"ListItem","position":2,"name":"Pr\u00e9sentation"}]},{"@type":"WebSite","@id":"https:\/\/heleneantonetti.fr\/#website","url":"https:\/\/heleneantonetti.fr\/","name":"","description":"Fa\u00eetes-vous plaisir en immortalisant vos instants importants !","potentialAction":[{"@type":"SearchAction","target":{"@type":"EntryPoint","urlTemplate":"https:\/\/heleneantonetti.fr\/?s={search_term_string}"},"query-input":{"@type":"PropertyValueSpecification","valueRequired":true,"valueName":"search_term_string"}}],"inLanguage":"fr-FR"}]}},"_links":{"self":[{"href":"https:\/\/heleneantonetti.fr\/index.php?rest_route=\/wp\/v2\/pages\/505","targetHints":{"allow":["GET"]}}],"collection":[{"href":"https:\/\/heleneantonetti.fr\/index.php?rest_route=\/wp\/v2\/pages"}],"about":[{"href":"https:\/\/heleneantonetti.fr\/index.php?rest_route=\/wp\/v2\/types\/page"}],"author":[{"embeddable":true,"href":"https:\/\/heleneantonetti.fr\/index.php?rest_route=\/wp\/v2\/users\/1"}],"replies":[{"embeddable":true,"href":"https:\/\/heleneantonetti.fr\/index.php?rest_route=%2Fwp%2Fv2%2Fcomments&post=505"}],"version-history":[{"count":101,"href":"https:\/\/heleneantonetti.fr\/index.php?rest_route=\/wp\/v2\/pages\/505\/revisions"}],"predecessor-version":[{"id":3043,"href":"https:\/\/heleneantonetti.fr\/index.php?rest_route=\/wp\/v2\/pages\/505\/revisions\/3043"}],"wp:attachment":[{"href":"https:\/\/heleneantonetti.fr\/index.php?rest_route=%2Fwp%2Fv2%2Fmedia&parent=505"}],"curies":[{"name":"wp","href":"https:\/\/api.w.org\/{rel}","templated":true}]}}