{"id":2827,"date":"2025-08-28T18:17:53","date_gmt":"2025-08-28T16:17:53","guid":{"rendered":"https:\/\/heleneantonetti.fr\/?page_id=2827"},"modified":"2025-08-28T18:19:09","modified_gmt":"2025-08-28T16:19:09","slug":"espaces-naturels-2","status":"publish","type":"page","link":"https:\/\/heleneantonetti.fr\/?page_id=2827","title":{"rendered":"Espaces naturels"},"content":{"rendered":"\t\t<div data-elementor-type=\"wp-page\" data-elementor-id=\"2827\" class=\"elementor elementor-2827\">\n\t\t\t\t\t\t<section class=\"elementor-section elementor-top-section elementor-element elementor-element-35976c80 elementor-section-boxed elementor-section-height-default elementor-section-height-default\" data-id=\"35976c80\" data-element_type=\"section\">\n\t\t\t\t\t\t<div class=\"elementor-container elementor-column-gap-default\">\n\t\t\t\t\t<div class=\"elementor-column elementor-col-100 elementor-top-column elementor-element elementor-element-46a1a4b4\" data-id=\"46a1a4b4\" data-element_type=\"column\">\n\t\t\t<div class=\"elementor-widget-wrap elementor-element-populated\">\n\t\t\t\t\t\t<div class=\"elementor-element elementor-element-298cd9c6 elementor-widget-divider--view-line elementor-widget elementor-widget-divider\" data-id=\"298cd9c6\" data-element_type=\"widget\" data-widget_type=\"divider.default\">\n\t\t\t\t<div class=\"elementor-widget-container\">\n\t\t\t\t\t\t\t<div class=\"elementor-divider\">\n\t\t\t<span class=\"elementor-divider-separator\">\n\t\t\t\t\t\t<\/span>\n\t\t<\/div>\n\t\t\t\t\t\t<\/div>\n\t\t\t\t<\/div>\n\t\t\t\t<div class=\"elementor-element elementor-element-3e0cdc59 elementor-widget elementor-widget-heading\" data-id=\"3e0cdc59\" data-element_type=\"widget\" data-widget_type=\"heading.default\">\n\t\t\t\t<div class=\"elementor-widget-container\">\n\t\t\t\t\t<h1 class=\"elementor-heading-title elementor-size-xl\">Espaces naturels<\/h1>\t\t\t\t<\/div>\n\t\t\t\t<\/div>\n\t\t\t\t<div class=\"elementor-element elementor-element-19ce8f76 elementor-widget elementor-widget-heading\" data-id=\"19ce8f76\" data-element_type=\"widget\" data-widget_type=\"heading.default\">\n\t\t\t\t<div class=\"elementor-widget-container\">\n\t\t\t\t\t<h2 class=\"elementor-heading-title elementor-size-medium\">la nature au c\u0153ur de votre territoire<\/h2>\t\t\t\t<\/div>\n\t\t\t\t<\/div>\n\t\t\t\t<div class=\"elementor-element elementor-element-5c679d27 elementor-widget-divider--view-line elementor-widget elementor-widget-divider\" data-id=\"5c679d27\" data-element_type=\"widget\" data-widget_type=\"divider.default\">\n\t\t\t\t<div class=\"elementor-widget-container\">\n\t\t\t\t\t\t\t<div class=\"elementor-divider\">\n\t\t\t<span class=\"elementor-divider-separator\">\n\t\t\t\t\t\t<\/span>\n\t\t<\/div>\n\t\t\t\t\t\t<\/div>\n\t\t\t\t<\/div>\n\t\t\t\t<div class=\"elementor-element elementor-element-11700180 elementor-hidden-desktop elementor-arrows-position-inside elementor-pagination-position-outside elementor-widget elementor-widget-image-carousel\" data-id=\"11700180\" data-element_type=\"widget\" data-settings=\"{&quot;navigation&quot;:&quot;both&quot;,&quot;autoplay&quot;:&quot;yes&quot;,&quot;pause_on_hover&quot;:&quot;yes&quot;,&quot;pause_on_interaction&quot;:&quot;yes&quot;,&quot;autoplay_speed&quot;:5000,&quot;infinite&quot;:&quot;yes&quot;,&quot;speed&quot;:500}\" data-widget_type=\"image-carousel.default\">\n\t\t\t\t<div class=\"elementor-widget-container\">\n\t\t\t\t\t\t\t<div class=\"elementor-image-carousel-wrapper swiper\" role=\"region\" aria-roledescription=\"carousel\" aria-label=\"Carrousel d\u2019images\" dir=\"ltr\">\n\t\t\t<div class=\"elementor-image-carousel swiper-wrapper\" aria-live=\"off\">\n\t\t\t\t\t\t\t\t<div class=\"swiper-slide\" role=\"group\" aria-roledescription=\"slide\" aria-label=\"1 sur 4\"><figure class=\"swiper-slide-inner\"><img decoding=\"async\" class=\"swiper-slide-image\" src=\"https:\/\/heleneantonetti.fr\/wp-content\/uploads\/2025\/08\/cerisier-1-1024x683.jpg\" alt=\"cerisier-1\" \/><\/figure><\/div><div class=\"swiper-slide\" role=\"group\" aria-roledescription=\"slide\" aria-label=\"2 sur 4\"><figure class=\"swiper-slide-inner\"><img decoding=\"async\" class=\"swiper-slide-image\" src=\"https:\/\/heleneantonetti.fr\/wp-content\/uploads\/2025\/08\/Promenade-cheval-ideelles-1-1024x683.jpg\" alt=\"Promenade cheval-id\u00e9&#039;elles-1\" \/><\/figure><\/div><div class=\"swiper-slide\" role=\"group\" aria-roledescription=\"slide\" aria-label=\"3 sur 4\"><figure class=\"swiper-slide-inner\"><img decoding=\"async\" class=\"swiper-slide-image\" src=\"https:\/\/heleneantonetti.fr\/wp-content\/uploads\/2025\/08\/canards-1-1024x683.jpg\" alt=\"canards-1\" \/><\/figure><\/div><div class=\"swiper-slide\" role=\"group\" aria-roledescription=\"slide\" aria-label=\"4 sur 4\"><figure class=\"swiper-slide-inner\"><img decoding=\"async\" class=\"swiper-slide-image\" src=\"https:\/\/heleneantonetti.fr\/wp-content\/uploads\/2025\/08\/Bonneval-1.jpg\" alt=\"Bonneval-1\" \/><\/figure><\/div>\t\t\t<\/div>\n\t\t\t\t\t\t\t\t\t\t\t\t<div class=\"elementor-swiper-button elementor-swiper-button-prev\" role=\"button\" tabindex=\"0\">\n\t\t\t\t\t\t<i aria-hidden=\"true\" class=\"eicon-chevron-left\"><\/i>\t\t\t\t\t<\/div>\n\t\t\t\t\t<div class=\"elementor-swiper-button elementor-swiper-button-next\" role=\"button\" tabindex=\"0\">\n\t\t\t\t\t\t<i aria-hidden=\"true\" class=\"eicon-chevron-right\"><\/i>\t\t\t\t\t<\/div>\n\t\t\t\t\n\t\t\t\t\t\t\t\t\t<div class=\"swiper-pagination\"><\/div>\n\t\t\t\t\t\t\t\t\t<\/div>\n\t\t\t\t\t\t<\/div>\n\t\t\t\t<\/div>\n\t\t\t\t<div class=\"elementor-element elementor-element-532ab3a0 elementor-hidden-mobile elementor-hidden-tablet elementor-widget elementor-widget-image-gallery\" data-id=\"532ab3a0\" data-element_type=\"widget\" data-widget_type=\"image-gallery.default\">\n\t\t\t\t<div class=\"elementor-widget-container\">\n\t\t\t\t\t\t\t<div class=\"elementor-image-gallery\">\n\t\t\t<div id=\"kad-wp-gallery16\" class=\"kad-wp-gallery kad-light-wp-gallery clearfix kt-gallery-column-4 rowtight\"><div class=\"tcol-lg-3 tcol-md-3 tcol-sm-4 tcol-xs-6 tcol-ss-12 g_item\"><div class=\"grid_item kad_gallery_fade_in gallery_item\"><a href=\"https:\/\/heleneantonetti.fr\/wp-content\/uploads\/2025\/08\/Bassin-de-la-muette-1-scaled.jpg\" data-rel=\"lightbox\" class=\"lightboxhover\"><img fetchpriority=\"high\" decoding=\"async\" src=\"https:\/\/heleneantonetti.fr\/wp-content\/uploads\/2025\/08\/Bassin-de-la-muette-1-scaled-300x300.jpg\" width=\"300\" height=\"300\" alt=\"\" srcset=\"https:\/\/heleneantonetti.fr\/wp-content\/uploads\/2025\/08\/Bassin-de-la-muette-1-scaled-300x300.jpg 300w, https:\/\/heleneantonetti.fr\/wp-content\/uploads\/2025\/08\/Bassin-de-la-muette-1-150x150.jpg 150w, https:\/\/heleneantonetti.fr\/wp-content\/uploads\/2025\/08\/Bassin-de-la-muette-1-scaled-600x600.jpg 600w\" sizes=\"(max-width: 300px) 100vw, 300px\" class=\"light-dropshaddow\"\/><\/a><\/div><\/div><div class=\"tcol-lg-3 tcol-md-3 tcol-sm-4 tcol-xs-6 tcol-ss-12 g_item\"><div class=\"grid_item kad_gallery_fade_in gallery_item\"><a href=\"https:\/\/heleneantonetti.fr\/wp-content\/uploads\/2025\/08\/canards-1-scaled.jpg\" data-rel=\"lightbox\" class=\"lightboxhover\"><img decoding=\"async\" src=\"https:\/\/heleneantonetti.fr\/wp-content\/uploads\/2025\/08\/canards-1-scaled-300x300.jpg\" width=\"300\" height=\"300\" alt=\"\" srcset=\"https:\/\/heleneantonetti.fr\/wp-content\/uploads\/2025\/08\/canards-1-scaled-300x300.jpg 300w, https:\/\/heleneantonetti.fr\/wp-content\/uploads\/2025\/08\/canards-1-150x150.jpg 150w, https:\/\/heleneantonetti.fr\/wp-content\/uploads\/2025\/08\/canards-1-scaled-600x600.jpg 600w\" sizes=\"(max-width: 300px) 100vw, 300px\" class=\"light-dropshaddow\"\/><\/a><\/div><\/div><div class=\"tcol-lg-3 tcol-md-3 tcol-sm-4 tcol-xs-6 tcol-ss-12 g_item\"><div class=\"grid_item kad_gallery_fade_in gallery_item\"><a href=\"https:\/\/heleneantonetti.fr\/wp-content\/uploads\/2025\/08\/Promenade-cheval-ideelles-1-scaled.jpg\" data-rel=\"lightbox\" class=\"lightboxhover\"><img decoding=\"async\" src=\"https:\/\/heleneantonetti.fr\/wp-content\/uploads\/2025\/08\/Promenade-cheval-ideelles-1-scaled-300x300.jpg\" width=\"300\" height=\"300\" alt=\"\" srcset=\"https:\/\/heleneantonetti.fr\/wp-content\/uploads\/2025\/08\/Promenade-cheval-ideelles-1-scaled-300x300.jpg 300w, https:\/\/heleneantonetti.fr\/wp-content\/uploads\/2025\/08\/Promenade-cheval-ideelles-1-150x150.jpg 150w, https:\/\/heleneantonetti.fr\/wp-content\/uploads\/2025\/08\/Promenade-cheval-ideelles-1-scaled-600x600.jpg 600w\" sizes=\"(max-width: 300px) 100vw, 300px\" class=\"light-dropshaddow\"\/><\/a><\/div><\/div><div class=\"tcol-lg-3 tcol-md-3 tcol-sm-4 tcol-xs-6 tcol-ss-12 g_item\"><div class=\"grid_item kad_gallery_fade_in gallery_item\"><a href=\"https:\/\/heleneantonetti.fr\/wp-content\/uploads\/2025\/08\/cerisier-1-scaled.jpg\" data-rel=\"lightbox\" class=\"lightboxhover\"><img loading=\"lazy\" decoding=\"async\" src=\"https:\/\/heleneantonetti.fr\/wp-content\/uploads\/2025\/08\/cerisier-1-scaled-300x300.jpg\" width=\"300\" height=\"300\" alt=\"\" srcset=\"https:\/\/heleneantonetti.fr\/wp-content\/uploads\/2025\/08\/cerisier-1-scaled-300x300.jpg 300w, https:\/\/heleneantonetti.fr\/wp-content\/uploads\/2025\/08\/cerisier-1-150x150.jpg 150w, https:\/\/heleneantonetti.fr\/wp-content\/uploads\/2025\/08\/cerisier-1-scaled-600x600.jpg 600w\" sizes=\"(max-width: 300px) 100vw, 300px\" class=\"light-dropshaddow\"\/><\/a><\/div><\/div><\/div>\t\t<\/div>\n\t\t\t\t\t\t<\/div>\n\t\t\t\t<\/div>\n\t\t\t\t<div class=\"elementor-element elementor-element-f724592 elementor-widget elementor-widget-text-editor\" data-id=\"f724592\" data-element_type=\"widget\" data-widget_type=\"text-editor.default\">\n\t\t\t\t<div class=\"elementor-widget-container\">\n\t\t\t\t\t\t\t\t\t<p><span style=\"font-family: tahoma, sans-serif;\">D\u00e9couvrez la beaut\u00e9 des espaces naturels \u00e0 travers mon viseur.<\/span><\/p><p><span style=\"font-family: tahoma, sans-serif;\">Mes images sauront\u00a0enrichir vos supports de communication. Que ce soit pour des for\u00eats, des montagnes, des lacs ou des parcs naturels, chaque image devient un outil de narration pour vos projets.<\/span><\/p><p><span style=\"font-family: tahoma, sans-serif;\">Mettez en avant une vision et une identit\u00e9 en valorisant ces espaces naturels, essentiels au bon \u00e9quilibre des villes et de leurs habitants.<\/span><\/p>\t\t\t\t\t\t\t\t<\/div>\n\t\t\t\t<\/div>\n\t\t\t\t\t<\/div>\n\t\t<\/div>\n\t\t\t\t\t<\/div>\n\t\t<\/section>\n\t\t\t\t<section class=\"elementor-section elementor-top-section elementor-element elementor-element-15ec3350 elementor-section-boxed elementor-section-height-default elementor-section-height-default\" data-id=\"15ec3350\" data-element_type=\"section\">\n\t\t\t\t\t\t<div class=\"elementor-container elementor-column-gap-default\">\n\t\t\t\t\t<div class=\"elementor-column elementor-col-100 elementor-top-column elementor-element elementor-element-158d3bf8\" data-id=\"158d3bf8\" data-element_type=\"column\">\n\t\t\t<div class=\"elementor-widget-wrap elementor-element-populated\">\n\t\t\t\t\t\t<div class=\"elementor-element elementor-element-5ea72532 elementor-widget elementor-widget-spacer\" data-id=\"5ea72532\" data-element_type=\"widget\" data-widget_type=\"spacer.default\">\n\t\t\t\t<div class=\"elementor-widget-container\">\n\t\t\t\t\t\t\t<div class=\"elementor-spacer\">\n\t\t\t<div class=\"elementor-spacer-inner\"><\/div>\n\t\t<\/div>\n\t\t\t\t\t\t<\/div>\n\t\t\t\t<\/div>\n\t\t\t\t<div class=\"elementor-element elementor-element-7d9c15a4 elementor-widget-divider--view-line elementor-widget elementor-widget-divider\" data-id=\"7d9c15a4\" data-element_type=\"widget\" data-widget_type=\"divider.default\">\n\t\t\t\t<div class=\"elementor-widget-container\">\n\t\t\t\t\t\t\t<div class=\"elementor-divider\">\n\t\t\t<span class=\"elementor-divider-separator\">\n\t\t\t\t\t\t<\/span>\n\t\t<\/div>\n\t\t\t\t\t\t<\/div>\n\t\t\t\t<\/div>\n\t\t\t\t<div class=\"elementor-element elementor-element-4f387d92 elementor-widget elementor-widget-heading\" data-id=\"4f387d92\" data-element_type=\"widget\" data-widget_type=\"heading.default\">\n\t\t\t\t<div class=\"elementor-widget-container\">\n\t\t\t\t\t<h2 class=\"elementor-heading-title elementor-size-medium\"><span class=\"elementor-heading-title elementor-size-medium elementor-inline-editing pen\" data-elementor-setting-key=\"title\" data-pen-placeholder=\"\u00c9crivez ici...\" style=\"margin-bottom: 22.390625px; outline-color: currentcolor; outline-style: none;\"><br>Concernant les tarifs, le devis est personnalis\u00e9 selon vos besoins. Contactez-moi !<\/span><\/h2>\t\t\t\t<\/div>\n\t\t\t\t<\/div>\n\t\t\t\t<div class=\"elementor-element elementor-element-65d59ee3 elementor-widget-divider--view-line elementor-widget elementor-widget-divider\" data-id=\"65d59ee3\" data-element_type=\"widget\" data-widget_type=\"divider.default\">\n\t\t\t\t<div class=\"elementor-widget-container\">\n\t\t\t\t\t\t\t<div class=\"elementor-divider\">\n\t\t\t<span class=\"elementor-divider-separator\">\n\t\t\t\t\t\t<\/span>\n\t\t<\/div>\n\t\t\t\t\t\t<\/div>\n\t\t\t\t<\/div>\n\t\t\t\t\t<\/div>\n\t\t<\/div>\n\t\t\t\t\t<\/div>\n\t\t<\/section>\n\t\t\t\t<section class=\"elementor-section elementor-top-section elementor-element elementor-element-6af9449c elementor-section-boxed elementor-section-height-default elementor-section-height-default\" data-id=\"6af9449c\" data-element_type=\"section\">\n\t\t\t\t\t\t<div class=\"elementor-container elementor-column-gap-default\">\n\t\t\t\t\t<div class=\"elementor-column elementor-col-33 elementor-top-column elementor-element elementor-element-55685e07\" data-id=\"55685e07\" data-element_type=\"column\">\n\t\t\t<div class=\"elementor-widget-wrap\">\n\t\t\t\t\t\t\t<\/div>\n\t\t<\/div>\n\t\t\t\t<div class=\"elementor-column elementor-col-33 elementor-top-column elementor-element elementor-element-3269b689\" data-id=\"3269b689\" data-element_type=\"column\">\n\t\t\t<div class=\"elementor-widget-wrap elementor-element-populated\">\n\t\t\t\t\t\t<div class=\"elementor-element elementor-element-5edf6b59 elementor-widget elementor-widget-spacer\" data-id=\"5edf6b59\" data-element_type=\"widget\" data-widget_type=\"spacer.default\">\n\t\t\t\t<div class=\"elementor-widget-container\">\n\t\t\t\t\t\t\t<div class=\"elementor-spacer\">\n\t\t\t<div class=\"elementor-spacer-inner\"><\/div>\n\t\t<\/div>\n\t\t\t\t\t\t<\/div>\n\t\t\t\t<\/div>\n\t\t\t\t<div class=\"elementor-element elementor-element-35ff5d96 elementor-align-center elementor-mobile-align-center elementor-widget__width-inherit elementor-icon-list--layout-traditional elementor-list-item-link-full_width elementor-widget elementor-widget-icon-list\" data-id=\"35ff5d96\" data-element_type=\"widget\" data-widget_type=\"icon-list.default\">\n\t\t\t\t<div class=\"elementor-widget-container\">\n\t\t\t\t\t\t\t<ul class=\"elementor-icon-list-items\">\n\t\t\t\t\t\t\t<li class=\"elementor-icon-list-item\">\n\t\t\t\t\t\t\t\t\t\t\t<a href=\"mailto:helene.antonetti@gmail.com\">\n\n\t\t\t\t\t\t\t\t\t\t\t\t<span class=\"elementor-icon-list-icon\">\n\t\t\t\t\t\t\t\t\t\t\t\t\t\t\t\t<i class=\"fa fa-envelope-o\" aria-hidden=\"true\"><\/i>\n\t\t\t\t\t\t\t\t\t\t\t\t\t<\/span>\n\t\t\t\t\t\t\t\t\t\t<span class=\"elementor-icon-list-text\">helene.antonetti@gmail.com<\/span>\n\t\t\t\t\t\t\t\t\t\t\t<\/a>\n\t\t\t\t\t\t\t\t\t<\/li>\n\t\t\t\t\t\t\t\t<li class=\"elementor-icon-list-item\">\n\t\t\t\t\t\t\t\t\t\t\t<span class=\"elementor-icon-list-icon\">\n\t\t\t\t\t\t\t\t\t\t\t\t\t\t\t\t<i class=\"fa fa-tablet\" aria-hidden=\"true\"><\/i>\n\t\t\t\t\t\t\t\t\t\t\t\t\t<\/span>\n\t\t\t\t\t\t\t\t\t\t<span class=\"elementor-icon-list-text\">06 64 38 79 27<\/span>\n\t\t\t\t\t\t\t\t\t<\/li>\n\t\t\t\t\t\t\t\t<li class=\"elementor-icon-list-item\">\n\t\t\t\t\t\t\t\t\t\t\t<span class=\"elementor-icon-list-icon\">\n\t\t\t\t\t\t\t\t\t\t\t\t\t\t\t\t<i class=\"fa fa-laptop\" aria-hidden=\"true\"><\/i>\n\t\t\t\t\t\t\t\t\t\t\t\t\t<\/span>\n\t\t\t\t\t\t\t\t\t\t<span class=\"elementor-icon-list-text\">heleneantonetti.fr<\/span>\n\t\t\t\t\t\t\t\t\t<\/li>\n\t\t\t\t\t\t<\/ul>\n\t\t\t\t\t\t<\/div>\n\t\t\t\t<\/div>\n\t\t\t\t<div class=\"elementor-element elementor-element-57b6de13 elementor-widget elementor-widget-spacer\" data-id=\"57b6de13\" data-element_type=\"widget\" data-widget_type=\"spacer.default\">\n\t\t\t\t<div class=\"elementor-widget-container\">\n\t\t\t\t\t\t\t<div class=\"elementor-spacer\">\n\t\t\t<div class=\"elementor-spacer-inner\"><\/div>\n\t\t<\/div>\n\t\t\t\t\t\t<\/div>\n\t\t\t\t<\/div>\n\t\t\t\t<div class=\"elementor-element elementor-element-776528f4 elementor-shape-circle elementor-grid-0 e-grid-align-center elementor-widget elementor-widget-social-icons\" data-id=\"776528f4\" data-element_type=\"widget\" data-widget_type=\"social-icons.default\">\n\t\t\t\t<div class=\"elementor-widget-container\">\n\t\t\t\t\t\t\t<div class=\"elementor-social-icons-wrapper elementor-grid\">\n\t\t\t\t\t\t\t<span class=\"elementor-grid-item\">\n\t\t\t\t\t<a class=\"elementor-icon elementor-social-icon elementor-social-icon-linkedin elementor-repeater-item-406b1a7\" href=\"https:\/\/www.linkedin.com\/in\/h\u00e9l\u00e8ne-antonetti-b482b81b6\/\" target=\"_blank\">\n\t\t\t\t\t\t<span class=\"elementor-screen-only\">Linkedin<\/span>\n\t\t\t\t\t\t<i class=\"fab fa-linkedin\"><\/i>\t\t\t\t\t<\/a>\n\t\t\t\t<\/span>\n\t\t\t\t\t<\/div>\n\t\t\t\t\t\t<\/div>\n\t\t\t\t<\/div>\n\t\t\t\t<div class=\"elementor-element elementor-element-7240ac80 elementor-widget elementor-widget-spacer\" data-id=\"7240ac80\" data-element_type=\"widget\" data-widget_type=\"spacer.default\">\n\t\t\t\t<div class=\"elementor-widget-container\">\n\t\t\t\t\t\t\t<div class=\"elementor-spacer\">\n\t\t\t<div class=\"elementor-spacer-inner\"><\/div>\n\t\t<\/div>\n\t\t\t\t\t\t<\/div>\n\t\t\t\t<\/div>\n\t\t\t\t<div class=\"elementor-element elementor-element-14b8de72 elementor-widget elementor-widget-image\" data-id=\"14b8de72\" data-element_type=\"widget\" data-widget_type=\"image.default\">\n\t\t\t\t<div class=\"elementor-widget-container\">\n\t\t\t\t\t\t\t\t\t\t\t\t<figure class=\"wp-caption\">\n\t\t\t\t\t\t\t\t\t\t<img loading=\"lazy\" decoding=\"async\" width=\"800\" height=\"316\" src=\"https:\/\/heleneantonetti.fr\/wp-content\/uploads\/2019\/05\/LOGO_800.jpg\" class=\"attachment-large size-large wp-image-596\" alt=\"H\u00e9l\u00e8ne Antonetti photographe\" srcset=\"https:\/\/heleneantonetti.fr\/wp-content\/uploads\/2019\/05\/LOGO_800.jpg 800w, https:\/\/heleneantonetti.fr\/wp-content\/uploads\/2019\/05\/LOGO_800-300x119.jpg 300w, https:\/\/heleneantonetti.fr\/wp-content\/uploads\/2019\/05\/LOGO_800-768x303.jpg 768w\" sizes=\"(max-width: 800px) 100vw, 800px\" \/>\t\t\t\t\t\t\t\t\t\t\t<figcaption class=\"widget-image-caption wp-caption-text\">H\u00e9l\u00e8ne Antonetti photographe <\/figcaption>\n\t\t\t\t\t\t\t\t\t\t<\/figure>\n\t\t\t\t\t\t\t\t\t<\/div>\n\t\t\t\t<\/div>\n\t\t\t\t\t<\/div>\n\t\t<\/div>\n\t\t\t\t<div class=\"elementor-column elementor-col-33 elementor-top-column elementor-element elementor-element-5e9d052f\" data-id=\"5e9d052f\" data-element_type=\"column\">\n\t\t\t<div class=\"elementor-widget-wrap\">\n\t\t\t\t\t\t\t<\/div>\n\t\t<\/div>\n\t\t\t\t\t<\/div>\n\t\t<\/section>\n\t\t\t\t<\/div>\n\t\t","protected":false},"excerpt":{"rendered":"<p>Espaces naturels la nature au c\u0153ur de votre territoire D\u00e9couvrez la beaut\u00e9 des espaces naturels \u00e0 travers mon viseur. Mes images sauront\u00a0enrichir vos supports de communication. Que ce soit pour des for\u00eats, des montagnes, des lacs ou des parcs naturels, &hellip; <a href=\"https:\/\/heleneantonetti.fr\/?page_id=2827\">Lire la suite\u00ad\u00ad<\/a><\/p>\n","protected":false},"author":1,"featured_media":0,"parent":0,"menu_order":0,"comment_status":"closed","ping_status":"closed","template":"elementor_header_footer","meta":{"_eb_attr":"","footnotes":""},"class_list":["post-2827","page","type-page","status-publish","hentry"],"yoast_head":"<!-- This site is optimized with the Yoast SEO plugin v25.1 - https:\/\/yoast.com\/wordpress\/plugins\/seo\/ -->\n<title>Espaces naturels -<\/title>\n<meta name=\"robots\" content=\"index, follow, max-snippet:-1, max-image-preview:large, max-video-preview:-1\" \/>\n<link rel=\"canonical\" href=\"https:\/\/heleneantonetti.fr\/?page_id=2827\" \/>\n<meta property=\"og:locale\" content=\"fr_FR\" \/>\n<meta property=\"og:type\" content=\"article\" \/>\n<meta property=\"og:title\" content=\"Espaces naturels -\" \/>\n<meta property=\"og:description\" content=\"Espaces naturels la nature au c\u0153ur de votre territoire D\u00e9couvrez la beaut\u00e9 des espaces naturels \u00e0 travers mon viseur. Mes images sauront\u00a0enrichir vos supports de communication. Que ce soit pour des for\u00eats, des montagnes, des lacs ou des parcs naturels, &hellip; Lire la suite\u00ad\u00ad\" \/>\n<meta property=\"og:url\" content=\"https:\/\/heleneantonetti.fr\/?page_id=2827\" \/>\n<meta property=\"article:modified_time\" content=\"2025-08-28T16:19:09+00:00\" \/>\n<meta property=\"og:image\" content=\"https:\/\/heleneantonetti.fr\/wp-content\/uploads\/2025\/08\/cerisier-1-1024x683.jpg\" \/>\n<meta name=\"twitter:card\" content=\"summary_large_image\" \/>\n<meta name=\"twitter:label1\" content=\"Dur\u00e9e de lecture estim\u00e9e\" \/>\n\t<meta name=\"twitter:data1\" content=\"4 minutes\" \/>\n<script type=\"application\/ld+json\" class=\"yoast-schema-graph\">{\"@context\":\"https:\/\/schema.org\",\"@graph\":[{\"@type\":\"WebPage\",\"@id\":\"https:\/\/heleneantonetti.fr\/?page_id=2827\",\"url\":\"https:\/\/heleneantonetti.fr\/?page_id=2827\",\"name\":\"Espaces naturels -\",\"isPartOf\":{\"@id\":\"https:\/\/heleneantonetti.fr\/#website\"},\"primaryImageOfPage\":{\"@id\":\"https:\/\/heleneantonetti.fr\/?page_id=2827#primaryimage\"},\"image\":{\"@id\":\"https:\/\/heleneantonetti.fr\/?page_id=2827#primaryimage\"},\"thumbnailUrl\":\"https:\/\/heleneantonetti.fr\/wp-content\/uploads\/2025\/08\/cerisier-1-1024x683.jpg\",\"datePublished\":\"2025-08-28T16:17:53+00:00\",\"dateModified\":\"2025-08-28T16:19:09+00:00\",\"breadcrumb\":{\"@id\":\"https:\/\/heleneantonetti.fr\/?page_id=2827#breadcrumb\"},\"inLanguage\":\"fr-FR\",\"potentialAction\":[{\"@type\":\"ReadAction\",\"target\":[\"https:\/\/heleneantonetti.fr\/?page_id=2827\"]}]},{\"@type\":\"ImageObject\",\"inLanguage\":\"fr-FR\",\"@id\":\"https:\/\/heleneantonetti.fr\/?page_id=2827#primaryimage\",\"url\":\"https:\/\/heleneantonetti.fr\/wp-content\/uploads\/2025\/08\/cerisier-1-scaled.jpg\",\"contentUrl\":\"https:\/\/heleneantonetti.fr\/wp-content\/uploads\/2025\/08\/cerisier-1-scaled.jpg\",\"width\":2560,\"height\":1706},{\"@type\":\"BreadcrumbList\",\"@id\":\"https:\/\/heleneantonetti.fr\/?page_id=2827#breadcrumb\",\"itemListElement\":[{\"@type\":\"ListItem\",\"position\":1,\"name\":\"Accueil\",\"item\":\"https:\/\/heleneantonetti.fr\/\"},{\"@type\":\"ListItem\",\"position\":2,\"name\":\"Espaces naturels\"}]},{\"@type\":\"WebSite\",\"@id\":\"https:\/\/heleneantonetti.fr\/#website\",\"url\":\"https:\/\/heleneantonetti.fr\/\",\"name\":\"\",\"description\":\"Fa\u00eetes-vous plaisir en immortalisant vos instants importants !\",\"potentialAction\":[{\"@type\":\"SearchAction\",\"target\":{\"@type\":\"EntryPoint\",\"urlTemplate\":\"https:\/\/heleneantonetti.fr\/?s={search_term_string}\"},\"query-input\":{\"@type\":\"PropertyValueSpecification\",\"valueRequired\":true,\"valueName\":\"search_term_string\"}}],\"inLanguage\":\"fr-FR\"}]}<\/script>\n<!-- \/ Yoast SEO plugin. -->","yoast_head_json":{"title":"Espaces naturels -","robots":{"index":"index","follow":"follow","max-snippet":"max-snippet:-1","max-image-preview":"max-image-preview:large","max-video-preview":"max-video-preview:-1"},"canonical":"https:\/\/heleneantonetti.fr\/?page_id=2827","og_locale":"fr_FR","og_type":"article","og_title":"Espaces naturels -","og_description":"Espaces naturels la nature au c\u0153ur de votre territoire D\u00e9couvrez la beaut\u00e9 des espaces naturels \u00e0 travers mon viseur. Mes images sauront\u00a0enrichir vos supports de communication. Que ce soit pour des for\u00eats, des montagnes, des lacs ou des parcs naturels, &hellip; Lire la suite\u00ad\u00ad","og_url":"https:\/\/heleneantonetti.fr\/?page_id=2827","article_modified_time":"2025-08-28T16:19:09+00:00","og_image":[{"url":"https:\/\/heleneantonetti.fr\/wp-content\/uploads\/2025\/08\/cerisier-1-1024x683.jpg","type":"","width":"","height":""}],"twitter_card":"summary_large_image","twitter_misc":{"Dur\u00e9e de lecture estim\u00e9e":"4 minutes"},"schema":{"@context":"https:\/\/schema.org","@graph":[{"@type":"WebPage","@id":"https:\/\/heleneantonetti.fr\/?page_id=2827","url":"https:\/\/heleneantonetti.fr\/?page_id=2827","name":"Espaces naturels -","isPartOf":{"@id":"https:\/\/heleneantonetti.fr\/#website"},"primaryImageOfPage":{"@id":"https:\/\/heleneantonetti.fr\/?page_id=2827#primaryimage"},"image":{"@id":"https:\/\/heleneantonetti.fr\/?page_id=2827#primaryimage"},"thumbnailUrl":"https:\/\/heleneantonetti.fr\/wp-content\/uploads\/2025\/08\/cerisier-1-1024x683.jpg","datePublished":"2025-08-28T16:17:53+00:00","dateModified":"2025-08-28T16:19:09+00:00","breadcrumb":{"@id":"https:\/\/heleneantonetti.fr\/?page_id=2827#breadcrumb"},"inLanguage":"fr-FR","potentialAction":[{"@type":"ReadAction","target":["https:\/\/heleneantonetti.fr\/?page_id=2827"]}]},{"@type":"ImageObject","inLanguage":"fr-FR","@id":"https:\/\/heleneantonetti.fr\/?page_id=2827#primaryimage","url":"https:\/\/heleneantonetti.fr\/wp-content\/uploads\/2025\/08\/cerisier-1-scaled.jpg","contentUrl":"https:\/\/heleneantonetti.fr\/wp-content\/uploads\/2025\/08\/cerisier-1-scaled.jpg","width":2560,"height":1706},{"@type":"BreadcrumbList","@id":"https:\/\/heleneantonetti.fr\/?page_id=2827#breadcrumb","itemListElement":[{"@type":"ListItem","position":1,"name":"Accueil","item":"https:\/\/heleneantonetti.fr\/"},{"@type":"ListItem","position":2,"name":"Espaces naturels"}]},{"@type":"WebSite","@id":"https:\/\/heleneantonetti.fr\/#website","url":"https:\/\/heleneantonetti.fr\/","name":"","description":"Fa\u00eetes-vous plaisir en immortalisant vos instants importants !","potentialAction":[{"@type":"SearchAction","target":{"@type":"EntryPoint","urlTemplate":"https:\/\/heleneantonetti.fr\/?s={search_term_string}"},"query-input":{"@type":"PropertyValueSpecification","valueRequired":true,"valueName":"search_term_string"}}],"inLanguage":"fr-FR"}]}},"_links":{"self":[{"href":"https:\/\/heleneantonetti.fr\/index.php?rest_route=\/wp\/v2\/pages\/2827","targetHints":{"allow":["GET"]}}],"collection":[{"href":"https:\/\/heleneantonetti.fr\/index.php?rest_route=\/wp\/v2\/pages"}],"about":[{"href":"https:\/\/heleneantonetti.fr\/index.php?rest_route=\/wp\/v2\/types\/page"}],"author":[{"embeddable":true,"href":"https:\/\/heleneantonetti.fr\/index.php?rest_route=\/wp\/v2\/users\/1"}],"replies":[{"embeddable":true,"href":"https:\/\/heleneantonetti.fr\/index.php?rest_route=%2Fwp%2Fv2%2Fcomments&post=2827"}],"version-history":[{"count":8,"href":"https:\/\/heleneantonetti.fr\/index.php?rest_route=\/wp\/v2\/pages\/2827\/revisions"}],"predecessor-version":[{"id":2843,"href":"https:\/\/heleneantonetti.fr\/index.php?rest_route=\/wp\/v2\/pages\/2827\/revisions\/2843"}],"wp:attachment":[{"href":"https:\/\/heleneantonetti.fr\/index.php?rest_route=%2Fwp%2Fv2%2Fmedia&parent=2827"}],"curies":[{"name":"wp","href":"https:\/\/api.w.org\/{rel}","templated":true}]}}